{"id":2977,"date":"2025-07-04T12:55:31","date_gmt":"2025-07-04T10:55:31","guid":{"rendered":"https:\/\/kohanamigration.pronego.com\/?page_id=2977"},"modified":"2025-08-08T15:03:04","modified_gmt":"2025-08-08T13:03:04","slug":"legal-notice","status":"publish","type":"page","link":"https:\/\/www.koeight.dev\/de\/legal-notice\/","title":{"rendered":"Impressum"},"content":{"rendered":"<div class=\"wp-block-uagb-container subpage-container uagb-block-0054de7a alignfull uagb-is-root-container\"><div class=\"uagb-container-inner-blocks-wrap\">\n<div class=\"wp-block-uagb-advanced-heading uagb-block-3768a5ff\"><h1 class=\"uagb-heading-text\">Impressum<\/h1><p class=\"uagb-desc-text\"><strong>Angaben gem. \u00a7 5 TMG<\/strong><\/p><\/div>\n\n\n\n<p style=\"border-style:none;border-width:0px;padding-top:0;padding-right:0;padding-bottom:0;padding-left:0\">PRONEGO \u2013 Inhaber: Dr. Manuel Lamotte-Schubert<br>Provinzialstra\u00dfe 92<br>66740 Saarlouis, Germany<br>Vertreten durch: Dr. Manuel Lamotte-Schubert<\/p>\n\n\n\n<div class=\"wp-block-uagb-advanced-heading uagb-block-80ecdd0e\"><h2 class=\"uagb-heading-text\">Kontakt<\/h2><\/div>\n\n\n\n<p style=\"border-style:none;border-width:0px;padding-top:0;padding-right:0;padding-bottom:0;padding-left:0\">Email: <a href=\"mailto:info@pronego.com\">info@pronego.com<\/a><br>Tel.: <a href=\"tel:+4968311666399\">+496831 \/ 16 66-399<\/a><br>Fax: <a href=\"tel:+4968311666846\">+496831 \/ 16 66-846<\/a><\/p>\n\n\n\n<p>Ust.-ID-Nr.: DE257384700<\/p>\n\n\n\n<div class=\"wp-block-uagb-advanced-heading uagb-block-9446e1a7\"><h2 class=\"uagb-heading-text\">Berufshaftpflichtversicherung<\/h2><\/div>\n\n\n\n<p>Anbieter: Zurich Insurance plc<br>Anschrift: 50427 K\u00f6ln<br>Geltungsbereich: weltweit<\/p>\n\n\n\n<div class=\"wp-block-uagb-advanced-heading uagb-block-dbeafe09\"><h2 class=\"uagb-heading-text\">EU-Streitbeilegung<\/h2><\/div>\n\n\n\n<p>Durch die Europ\u00e4ische Kommission wird eine Plattform zur Online-Streitbeilegung (OS) bereitgestellt: <a href=\"https:\/\/ec.europa.eu\/consumers\/odr\/\">https:\/\/ec.europa.eu\/consumers\/odr\/<\/a><\/p>\n\n\n\n<div class=\"wp-block-uagb-advanced-heading uagb-block-23570317\"><h2 class=\"uagb-heading-text\">Haftungsausschluss<\/h2><\/div>\n\n\n\n<p>Wir sind f\u00fcr die Inhalte unserer Internetseiten nach den Ma\u00dfgaben der allgemeinen Gesetzen, insbesondere nach \u00a7 7 Abs. 1 des Telemediengesetzes, verantwortlich. Alle Inhalte werden mit der gebotenen Sorgfalt und nach bestem Wissen erstellt. Soweit wir auf unseren Internetseiten mittels Hyperlink auf Internetseiten Dritter verweisen, k\u00f6nnen wir keine Gew\u00e4hr f\u00fcr die fortw\u00e4hrende Aktualit\u00e4t, Richtigkeit und Vollst\u00e4ndigkeit der verlinkten Inhalte \u00fcbernehmen, da diese Inhalte au\u00dferhalb unseres Verantwortungsbereichs liegen und wir auf die zuk\u00fcnftige Gestaltung keinen Einfluss haben. Sollten aus Ihrer Sicht Inhalte gegen geltendes Recht versto\u00dfen oder unangemessen sein, teilen Sie uns dies bitte mit.<\/p>\n\n\n\n<div class=\"wp-block-uagb-advanced-heading uagb-block-a09954a4\"><h2 class=\"uagb-heading-text\">Urheberrechtshinweis<\/h2><\/div>\n\n\n\n<p>Die auf unserer Internetseite vorhandenen Texte, Bilder, Fotos, Videos oder Grafiken unterliegen in der Regel dem Schutz des Urheberrechts. Jede unberechtigte Verwendung (insbesondere die Vervielf\u00e4ltigung, Bearbeitung oder Verbreitung) dieser urheberrechtsgesch\u00fctzten Inhalte ist daher untersagt. Wenn Sie beabsichtigen, diese Inhalte oder Teile davon zu verwenden, kontaktieren Sie uns bitte im Voraus unter den oben stehenden Angaben. Soweit wir nicht selbst Inhaber der ben\u00f6tigten urheberrechtlichen Nutzungsrechte sein sollten, bem\u00fchen wir uns, einen Kontakt zum Berechtigten zu vermitteln.<\/p>\n\n\n\n<div class=\"wp-block-uagb-advanced-heading uagb-block-28e5ae2b\"><h2 class=\"uagb-heading-text\">Social-Media-Profile<\/h2><\/div>\n\n\n\n<p>Dieses Impressum gilt auch f\u00fcr folgende Social-Media-Profile:<\/p>\n\n\n\n<p>LinkedIn: <a href=\"https:\/\/www.linkedin.com\/company\/pronego-sls\">https:\/\/www.linkedin.com\/company\/pronego-sls<\/a><br>XING: <a href=\"https:\/\/www.xing.com\/profile\/Manuel_LamotteSchubert\">https:\/\/www.xing.com\/profile\/Manuel_LamotteSchubert<\/a><br>Freelancermap: <a href=\"https:\/\/www.freelancermap.de\/profil\/manuel-lamotte-schubert\">https:\/\/www.freelancermap.de\/profil\/manuel-lamotte-schubert<\/a><br>Github: <a href=\"https:\/\/github.com\/pronego\">https:\/\/github.com\/pronego<\/a><\/p>\n<\/div><\/div>","protected":false},"excerpt":{"rendered":"<p>Legal Notice Information according to \u00a7 5 TMG (German Telemedia Act) PRONEGO &#8211; Owner: Dr. Manuel Lamotte-SchubertProvinzialstra\u00dfe 9266740 Saarlouis, GermanyRepresented by: Dr. Manuel Lamotte-Schubert Contact Email: info@pronego.comPhone: +496831 \/ 16 66-399Fax: +496831 \/ 16 66-846 VAT-ID: DE257384700 Professional liability insurance Provider: Zurich Insurance plcAddress: 50427 CologneArea of validity: worldwide EU dispute resolution The European Commission [&hellip;]<\/p>","protected":false},"author":1,"featured_media":0,"parent":0,"menu_order":0,"comment_status":"closed","ping_status":"closed","template":"","meta":{"_uag_custom_page_level_css":"","site-sidebar-layout":"default","site-content-layout":"","ast-site-content-layout":"default","site-content-style":"default","site-sidebar-style":"default","ast-global-header-display":"","ast-banner-title-visibility":"","ast-main-header-display":"","ast-hfb-above-header-display":"","ast-hfb-below-header-display":"","ast-hfb-mobile-header-display":"","site-post-title":"disabled","ast-breadcrumbs-content":"","ast-featured-img":"","footer-sml-layout":"","ast-disable-related-posts":"","theme-transparent-header-meta":"","adv-header-id-meta":"","stick-header-meta":"","header-above-stick-meta":"","header-main-stick-meta":"","header-below-stick-meta":"","astra-migrate-meta-layouts":"set","ast-page-background-enabled":"default","ast-page-background-meta":{"desktop":{"background-color":"","background-image":"","background-repeat":"repeat","background-position":"center center","background-size":"auto","background-attachment":"scroll","background-type":"","background-media":"","overlay-type":"","overlay-color":"","overlay-opacity":"","overlay-gradient":""},"tablet":{"background-color":"","background-image":"","background-repeat":"repeat","background-position":"center center","background-size":"auto","background-attachment":"scroll","background-type":"","background-media":"","overlay-type":"","overlay-color":"","overlay-opacity":"","overlay-gradient":""},"mobile":{"background-color":"","background-image":"","background-repeat":"repeat","background-position":"center center","background-size":"auto","background-attachment":"scroll","background-type":"","background-media":"","overlay-type":"","overlay-color":"","overlay-opacity":"","overlay-gradient":""}},"ast-content-background-meta":{"desktop":{"background-color":"var(--ast-global-color-5)","background-image":"","background-repeat":"repeat","background-position":"center center","background-size":"auto","background-attachment":"scroll","background-type":"","background-media":"","overlay-type":"","overlay-color":"","overlay-opacity":"","overlay-gradient":""},"tablet":{"background-color":"var(--ast-global-color-5)","background-image":"","background-repeat":"repeat","background-position":"center center","background-size":"auto","background-attachment":"scroll","background-type":"","background-media":"","overlay-type":"","overlay-color":"","overlay-opacity":"","overlay-gradient":""},"mobile":{"background-color":"var(--ast-global-color-5)","background-image":"","background-repeat":"repeat","background-position":"center center","background-size":"auto","background-attachment":"scroll","background-type":"","background-media":"","overlay-type":"","overlay-color":"","overlay-opacity":"","overlay-gradient":""}},"footnotes":""},"class_list":["post-2977","page","type-page","status-publish","hentry"],"yoast_head":"<!-- This site is optimized with the Yoast SEO plugin v25.9 - https:\/\/yoast.com\/wordpress\/plugins\/seo\/ -->\n<title>Legal Notice | Koeight<\/title>\n<meta name=\"robots\" content=\"index, follow, max-snippet:-1, max-image-preview:large, max-video-preview:-1\" \/>\n<link rel=\"canonical\" href=\"https:\/\/www.koeight.dev\/de\/legal-notice\/\" \/>\n<meta property=\"og:locale\" content=\"de_DE\" \/>\n<meta property=\"og:type\" content=\"article\" \/>\n<meta property=\"og:title\" content=\"Legal Notice | Koeight\" \/>\n<meta property=\"og:description\" content=\"Legal Notice Information according to \u00a7 5 TMG (German Telemedia Act) PRONEGO &#8211; Owner: Dr. Manuel Lamotte-SchubertProvinzialstra\u00dfe 9266740 Saarlouis, GermanyRepresented by: Dr. Manuel Lamotte-Schubert Contact Email: info@pronego.comPhone: +496831 \/ 16 66-399Fax: +496831 \/ 16 66-846 VAT-ID: DE257384700 Professional liability insurance Provider: Zurich Insurance plcAddress: 50427 CologneArea of validity: worldwide EU dispute resolution The European Commission [&hellip;]\" \/>\n<meta property=\"og:url\" content=\"https:\/\/www.koeight.dev\/de\/legal-notice\/\" \/>\n<meta property=\"og:site_name\" content=\"Koeight\" \/>\n<meta property=\"article:modified_time\" content=\"2025-08-08T13:03:04+00:00\" \/>\n<meta name=\"twitter:card\" content=\"summary_large_image\" \/>\n<meta name=\"twitter:label1\" content=\"Gesch\u00e4tzte Lesezeit\" \/>\n\t<meta name=\"twitter:data1\" content=\"2\u00a0Minuten\" \/>\n<script type=\"application\/ld+json\" class=\"yoast-schema-graph\">{\"@context\":\"https:\/\/schema.org\",\"@graph\":[{\"@type\":\"WebPage\",\"@id\":\"https:\/\/www.koeight.dev\/legal-notice\/\",\"url\":\"https:\/\/www.koeight.dev\/legal-notice\/\",\"name\":\"Legal Notice | Koeight\",\"isPartOf\":{\"@id\":\"https:\/\/www.koeight.dev\/#website\"},\"datePublished\":\"2025-07-04T10:55:31+00:00\",\"dateModified\":\"2025-08-08T13:03:04+00:00\",\"breadcrumb\":{\"@id\":\"https:\/\/www.koeight.dev\/legal-notice\/#breadcrumb\"},\"inLanguage\":\"de\",\"potentialAction\":[{\"@type\":\"ReadAction\",\"target\":[\"https:\/\/www.koeight.dev\/legal-notice\/\"]}]},{\"@type\":\"BreadcrumbList\",\"@id\":\"https:\/\/www.koeight.dev\/legal-notice\/#breadcrumb\",\"itemListElement\":[{\"@type\":\"ListItem\",\"position\":1,\"name\":\"Home\",\"item\":\"https:\/\/www.koeight.dev\/\"},{\"@type\":\"ListItem\",\"position\":2,\"name\":\"Legal Notice\"}]},{\"@type\":\"WebSite\",\"@id\":\"https:\/\/www.koeight.dev\/#website\",\"url\":\"https:\/\/www.koeight.dev\/\",\"name\":\"Koeight\",\"description\":\"\",\"publisher\":{\"@id\":\"https:\/\/www.koeight.dev\/#organization\"},\"potentialAction\":[{\"@type\":\"SearchAction\",\"target\":{\"@type\":\"EntryPoint\",\"urlTemplate\":\"https:\/\/www.koeight.dev\/?s={search_term_string}\"},\"query-input\":{\"@type\":\"PropertyValueSpecification\",\"valueRequired\":true,\"valueName\":\"search_term_string\"}}],\"inLanguage\":\"de\"},{\"@type\":\"Organization\",\"@id\":\"https:\/\/www.koeight.dev\/#organization\",\"name\":\"PRONEGO\",\"url\":\"https:\/\/www.koeight.dev\/\",\"logo\":{\"@type\":\"ImageObject\",\"inLanguage\":\"de\",\"@id\":\"https:\/\/www.koeight.dev\/#\/schema\/logo\/image\/\",\"url\":\"https:\/\/www.kohana-experts.com\/app\/uploads\/sites\/2\/2025\/07\/kohana-migration-logo.png\",\"contentUrl\":\"https:\/\/www.kohana-experts.com\/app\/uploads\/sites\/2\/2025\/07\/kohana-migration-logo.png\",\"width\":738,\"height\":239,\"caption\":\"PRONEGO\"},\"image\":{\"@id\":\"https:\/\/www.koeight.dev\/#\/schema\/logo\/image\/\"}}]}<\/script>\n<!-- \/ Yoast SEO plugin. -->","yoast_head_json":{"title":"Legal Notice | Koeight","robots":{"index":"index","follow":"follow","max-snippet":"max-snippet:-1","max-image-preview":"max-image-preview:large","max-video-preview":"max-video-preview:-1"},"canonical":"https:\/\/www.koeight.dev\/de\/legal-notice\/","og_locale":"de_DE","og_type":"article","og_title":"Legal Notice | Koeight","og_description":"Legal Notice Information according to \u00a7 5 TMG (German Telemedia Act) PRONEGO &#8211; Owner: Dr. Manuel Lamotte-SchubertProvinzialstra\u00dfe 9266740 Saarlouis, GermanyRepresented by: Dr. Manuel Lamotte-Schubert Contact Email: info@pronego.comPhone: +496831 \/ 16 66-399Fax: +496831 \/ 16 66-846 VAT-ID: DE257384700 Professional liability insurance Provider: Zurich Insurance plcAddress: 50427 CologneArea of validity: worldwide EU dispute resolution The European Commission [&hellip;]","og_url":"https:\/\/www.koeight.dev\/de\/legal-notice\/","og_site_name":"Koeight","article_modified_time":"2025-08-08T13:03:04+00:00","twitter_card":"summary_large_image","twitter_misc":{"Gesch\u00e4tzte Lesezeit":"2\u00a0Minuten"},"schema":{"@context":"https:\/\/schema.org","@graph":[{"@type":"WebPage","@id":"https:\/\/www.koeight.dev\/legal-notice\/","url":"https:\/\/www.koeight.dev\/legal-notice\/","name":"Legal Notice | Koeight","isPartOf":{"@id":"https:\/\/www.koeight.dev\/#website"},"datePublished":"2025-07-04T10:55:31+00:00","dateModified":"2025-08-08T13:03:04+00:00","breadcrumb":{"@id":"https:\/\/www.koeight.dev\/legal-notice\/#breadcrumb"},"inLanguage":"de","potentialAction":[{"@type":"ReadAction","target":["https:\/\/www.koeight.dev\/legal-notice\/"]}]},{"@type":"BreadcrumbList","@id":"https:\/\/www.koeight.dev\/legal-notice\/#breadcrumb","itemListElement":[{"@type":"ListItem","position":1,"name":"Home","item":"https:\/\/www.koeight.dev\/"},{"@type":"ListItem","position":2,"name":"Legal Notice"}]},{"@type":"WebSite","@id":"https:\/\/www.koeight.dev\/#website","url":"https:\/\/www.koeight.dev\/","name":"Koeight","description":"","publisher":{"@id":"https:\/\/www.koeight.dev\/#organization"},"potentialAction":[{"@type":"SearchAction","target":{"@type":"EntryPoint","urlTemplate":"https:\/\/www.koeight.dev\/?s={search_term_string}"},"query-input":{"@type":"PropertyValueSpecification","valueRequired":true,"valueName":"search_term_string"}}],"inLanguage":"de"},{"@type":"Organization","@id":"https:\/\/www.koeight.dev\/#organization","name":"PRONEGO","url":"https:\/\/www.koeight.dev\/","logo":{"@type":"ImageObject","inLanguage":"de","@id":"https:\/\/www.koeight.dev\/#\/schema\/logo\/image\/","url":"https:\/\/www.kohana-experts.com\/app\/uploads\/sites\/2\/2025\/07\/kohana-migration-logo.png","contentUrl":"https:\/\/www.kohana-experts.com\/app\/uploads\/sites\/2\/2025\/07\/kohana-migration-logo.png","width":738,"height":239,"caption":"PRONEGO"},"image":{"@id":"https:\/\/www.koeight.dev\/#\/schema\/logo\/image\/"}}]}},"uagb_featured_image_src":{"full":false,"thumbnail":false,"medium":false,"medium_large":false,"large":false,"1536x1536":false,"2048x2048":false,"trp-custom-language-flag":false},"uagb_author_info":{"display_name":"pronego","author_link":"https:\/\/www.koeight.dev\/de\/author\/pronego\/"},"uagb_comment_info":0,"uagb_excerpt":"Legal Notice Information according to \u00a7 5 TMG (German Telemedia Act) PRONEGO &#8211; Owner: Dr. Manuel Lamotte-SchubertProvinzialstra\u00dfe 9266740 Saarlouis, GermanyRepresented by: Dr. Manuel Lamotte-Schubert Contact Email: info@pronego.comPhone: +496831 \/ 16 66-399Fax: +496831 \/ 16 66-846 VAT-ID: DE257384700 Professional liability insurance Provider: Zurich Insurance plcAddress: 50427 CologneArea of validity: worldwide EU dispute resolution The European Commission&hellip;","_links":{"self":[{"href":"https:\/\/www.koeight.dev\/de\/wp-json\/wp\/v2\/pages\/2977","targetHints":{"allow":["GET"]}}],"collection":[{"href":"https:\/\/www.koeight.dev\/de\/wp-json\/wp\/v2\/pages"}],"about":[{"href":"https:\/\/www.koeight.dev\/de\/wp-json\/wp\/v2\/types\/page"}],"author":[{"embeddable":true,"href":"https:\/\/www.koeight.dev\/de\/wp-json\/wp\/v2\/users\/1"}],"replies":[{"embeddable":true,"href":"https:\/\/www.koeight.dev\/de\/wp-json\/wp\/v2\/comments?post=2977"}],"version-history":[{"count":19,"href":"https:\/\/www.koeight.dev\/de\/wp-json\/wp\/v2\/pages\/2977\/revisions"}],"predecessor-version":[{"id":3132,"href":"https:\/\/www.koeight.dev\/de\/wp-json\/wp\/v2\/pages\/2977\/revisions\/3132"}],"wp:attachment":[{"href":"https:\/\/www.koeight.dev\/de\/wp-json\/wp\/v2\/media?parent=2977"}],"curies":[{"name":"wp","href":"https:\/\/api.w.org\/{rel}","templated":true}]}}